{"id":291,"date":"2017-04-06T16:28:14","date_gmt":"2017-04-06T19:28:14","guid":{"rendered":"http:\/\/tramastudio.net\/es\/?page_id=291"},"modified":"2023-01-18T07:32:34","modified_gmt":"2023-01-18T10:32:34","slug":"estudio","status":"publish","type":"page","link":"https:\/\/tramastudio.net\/es\/estudio\/","title":{"rendered":"Estudio"},"content":{"rendered":"<section class=\"l-section wpb_row extra_width big_block_quote hide_btn_back hide_controlls height_medium full_height valign_center color_secondary\"><div class=\"l-section-h i-cf\"><div class=\"g-cols vc_row via_grid cols_1 laptops-cols_inherit tablets-cols_inherit mobiles-cols_1 valign_top type_default stacking_default\"><div class=\"wpb_column vc_column_container\"><div class=\"vc_column-inner\"><div class=\"work_deco_lines  deco_line_style_2\"><div class=\"work_deco_line work_deco_line_1 work_deco_line_top work_deco_line_maincolor\"><div class=\"work_deco_line_color\" ><div class=\"work_deco_bg_anim\" ><\/div><\/div><\/div><div class=\"work_deco_line work_deco_line_2 work_deco_line_top\"><div class=\"work_deco_line_color\" ><div class=\"work_deco_bg_anim\" ><\/div><\/div><\/div><div class=\"work_deco_line work_deco_line_3 work_deco_line_top work_deco_line_maincolor\"><div class=\"work_deco_line_color\" ><div class=\"work_deco_bg_anim\" ><\/div><\/div><\/div><div class=\"work_deco_line work_deco_line_4 work_deco_line_top\"><div class=\"work_deco_line_color\" ><div class=\"work_deco_bg_anim\" ><\/div><\/div><\/div><div class=\"work_deco_line work_deco_line_5 work_deco_line_bottom work_deco_line_maincolor\"><div class=\"work_deco_line_color\" ><div class=\"work_deco_bg_anim\" ><\/div><\/div><\/div><div class=\"work_deco_line work_deco_line_6 work_deco_line_bottom\"><div class=\"work_deco_line_color\" ><div class=\"work_deco_bg_anim\" ><\/div><\/div><\/div><div class=\"work_deco_line work_deco_line_7 work_deco_line_bottom work_deco_line_maincolor\"><div class=\"work_deco_line_color\" ><div class=\"work_deco_bg_anim\" ><\/div><\/div><\/div><\/div><div class=\"page_title \"><div class=\"page_title_box\"><div class=\"hatched\"><div class=\"page_title_box_h\"><h4>Filosof\u00eda<\/h4><h1>Quienes Somos<\/h1><\/div><\/div><\/div><div class=\"page_title_controls\">\t<div class=\"ts_workslide_controll page_title_controll_left\"><i class=\"far fa-chevron-up\"><\/i><div class=\"bg_lines\"><\/div><\/div>\t<div class=\"ts_workslide_controll page_title_controll_right\"><i class=\"far fa-chevron-down\"><\/i><div class=\"bg_lines\"><\/div><\/div><\/div><\/div><div class=\"w-separator size_small\"><\/div><div class=\"g-cols wpb_row normal_width animate_afb via_grid cols_1 laptops-cols_inherit tablets-cols_inherit mobiles-cols_1 valign_top type_default stacking_default\"><div class=\"wpb_column vc_column_container\"><div class=\"vc_column-inner\"><div class=\"wpb_text_column\"><div class=\"wpb_wrapper\"><blockquote>\n<p>Somos un grupo de profesionales creativos enfocados en combinar ideas de dise\u00f1o innovadoras con la mejor experiencia de usuario. Nos gusta el dise\u00f1o y la programaci\u00f3n, d\u00e1ndonos la posibilidad de integrar ambas disciplinas en nuestro proceso creativo. Esto nos permite lograr un resultado est\u00e9tico \u00fanico que tendr\u00e1 un impacto positivo en tu marca, proyecto o sitio web.<\/p>\n<\/blockquote>\n<\/div><\/div><\/div><\/div><\/div><\/div><\/div><\/div><\/div><\/section><section class=\"l-section wpb_row extra_width height_medium full_height valign_center color_secondary\"><div class=\"l-section-h i-cf\"><div class=\"g-cols vc_row via_grid cols_1 laptops-cols_inherit tablets-cols_inherit mobiles-cols_1 valign_top type_default stacking_default\"><div class=\"wpb_column vc_column_container\"><div class=\"vc_column-inner\"><div class=\"work_deco_lines  deco_line_style_2\"><div class=\"work_deco_line work_deco_line_1 work_deco_line_top work_deco_line_maincolor\"><div class=\"work_deco_line_color\" ><div class=\"work_deco_bg_anim\" ><\/div><\/div><\/div><div class=\"work_deco_line work_deco_line_2 work_deco_line_top\"><div class=\"work_deco_line_color\" ><div class=\"work_deco_bg_anim\" ><\/div><\/div><\/div><div class=\"work_deco_line work_deco_line_3 work_deco_line_top work_deco_line_maincolor\"><div class=\"work_deco_line_color\" ><div class=\"work_deco_bg_anim\" ><\/div><\/div><\/div><div class=\"work_deco_line work_deco_line_4 work_deco_line_top\"><div class=\"work_deco_line_color\" ><div class=\"work_deco_bg_anim\" ><\/div><\/div><\/div><div class=\"work_deco_line work_deco_line_5 work_deco_line_bottom work_deco_line_maincolor\"><div class=\"work_deco_line_color\" ><div class=\"work_deco_bg_anim\" ><\/div><\/div><\/div><div class=\"work_deco_line work_deco_line_6 work_deco_line_bottom\"><div class=\"work_deco_line_color\" ><div class=\"work_deco_bg_anim\" ><\/div><\/div><\/div><div class=\"work_deco_line work_deco_line_7 work_deco_line_bottom work_deco_line_maincolor\"><div class=\"work_deco_line_color\" ><div class=\"work_deco_bg_anim\" ><\/div><\/div><\/div><\/div><div class=\"page_title \"><div class=\"page_title_box\"><div class=\"hatched\"><div class=\"page_title_box_h\"><h4>Nuestras Habilidades<\/h4><h1>Qu\u00e9 Hacemos<\/h1><\/div><\/div><\/div><div class=\"page_title_controls\">\t<div class=\"ts_workslide_controll page_title_controll_left\"><i class=\"far fa-chevron-up\"><\/i><div class=\"bg_lines\"><\/div><\/div>\t<div class=\"ts_workslide_controll page_title_controll_right\"><i class=\"far fa-chevron-down\"><\/i><div class=\"bg_lines\"><\/div><\/div><\/div><\/div><div class=\"w-separator size_small\"><\/div><div class=\"g-cols wpb_row normal_width via_grid cols_3 laptops-cols_inherit tablets-cols_inherit mobiles-cols_1 valign_top type_default stacking_default\"><div class=\"wpb_column vc_column_container us_animate_afb\"><div class=\"vc_column-inner\"><div class=\"wpb_text_column\"><div class=\"wpb_wrapper\"><h3>Planificaci\u00f3n<\/h3>\n<p>Antes de que algo se dise\u00f1e o desarrolle, es fundamental crear una estrategia. Nos gusta escuchar a nuestros clientes para trabajar en conjunto para descubrir la mejor soluci\u00f3n para su proyecto. Analizamos lo que ya est\u00e1 hecho, lo que podr\u00eda faltar y finalmente establecemos cu\u00e1les deber\u00edan ser tus objetivos.<\/p>\n<h6>desarrollo de arquitectura de contenidos del Sitio \/ Analisis de informaci\u00f3n<\/h6>\n<\/div><\/div><\/div><\/div><div class=\"wpb_column vc_column_container us_animate_afb\" style=\"animation-delay:0.2s\"><div class=\"vc_column-inner\"><div class=\"wpb_text_column\"><div class=\"wpb_wrapper\"><h3>Dise\u00f1o<\/h3>\n<p>Nos involucramos en todos los detalles para poder generar un buen concepto de dise\u00f1o para tu proyecto. Esto nos permite lograr la consistencia que buscamos en cada tarea que hacemos, desde dise\u00f1o de layouts web y brochures, hasta peque\u00f1os \u00edconos, dise\u00f1o de logo y tipograf\u00edas personalizadas para tu marca.<\/p>\n<h6>identidad de marca \/ dise\u00f1o de afiche \/ brochures \/ dise\u00f1o tipogr\u00e1fico \/ ilustraciones \/ dise\u00f1o web<\/h6>\n<\/div><\/div><\/div><\/div><div class=\"wpb_column vc_column_container us_animate_afb\" style=\"animation-delay:0.4s\"><div class=\"vc_column-inner\"><div class=\"wpb_text_column\"><div class=\"wpb_wrapper\"><h3>Interactivo<\/h3>\n<p>Las cosas puede que se vean bien, pero esto no es suficiente: nos preocupamos de la experiencia de usuario en serio. Consideramos cada aspecto de usabilidad involucrada en tu proyecto web, desde el administrador de contenidos y la adaptaci\u00f3n para aparatos mobiles, hasta las transiciones animadas HTML5. Vemos tu sitio web como una representaci\u00f3n importante de tu marca y tambi\u00e9n como una herramiente que tiene que funcionar perfectamente para tus necesidades.<\/p>\n<h6>Sitio web responsivo \/ Administrador de contenidos a medida \/ e-commerce personalizado \/ Sitio web de gama alta \/ SEO \/ animaciones HTML5<\/h6>\n<\/div><\/div><\/div><\/div><\/div><\/div><\/div><\/div><\/div><\/section><section class=\"l-section wpb_row extra_width contact_block height_medium full_height valign_center color_secondary\"><div class=\"l-section-h i-cf\"><div class=\"g-cols vc_row via_grid cols_1 laptops-cols_inherit tablets-cols_inherit mobiles-cols_1 valign_top type_default stacking_default\"><div class=\"wpb_column vc_column_container\"><div class=\"vc_column-inner\"><div class=\"work_deco_lines  deco_line_style_2\"><div class=\"work_deco_line work_deco_line_1 work_deco_line_top work_deco_line_maincolor\"><div class=\"work_deco_line_color\" ><div class=\"work_deco_bg_anim\" ><\/div><\/div><\/div><div class=\"work_deco_line work_deco_line_2 work_deco_line_top\"><div class=\"work_deco_line_color\" ><div class=\"work_deco_bg_anim\" ><\/div><\/div><\/div><div class=\"work_deco_line work_deco_line_3 work_deco_line_top work_deco_line_maincolor\"><div class=\"work_deco_line_color\" ><div class=\"work_deco_bg_anim\" ><\/div><\/div><\/div><div class=\"work_deco_line work_deco_line_4 work_deco_line_top\"><div class=\"work_deco_line_color\" ><div class=\"work_deco_bg_anim\" ><\/div><\/div><\/div><div class=\"work_deco_line work_deco_line_5 work_deco_line_bottom work_deco_line_maincolor\"><div class=\"work_deco_line_color\" ><div class=\"work_deco_bg_anim\" ><\/div><\/div><\/div><div class=\"work_deco_line work_deco_line_6 work_deco_line_bottom\"><div class=\"work_deco_line_color\" ><div class=\"work_deco_bg_anim\" ><\/div><\/div><\/div><div class=\"work_deco_line work_deco_line_7 work_deco_line_bottom work_deco_line_maincolor\"><div class=\"work_deco_line_color\" ><div class=\"work_deco_bg_anim\" ><\/div><\/div><\/div><\/div><div class=\"page_title \"><div class=\"page_title_box\"><div class=\"hatched\"><div class=\"page_title_box_h\"><h4>Contacto<\/h4><h1>Estudio<\/h1><\/div><\/div><\/div><div class=\"page_title_controls\">\t<div class=\"ts_workslide_controll page_title_controll_left\"><i class=\"far fa-chevron-up\"><\/i><div class=\"bg_lines\"><\/div><\/div>\t<div class=\"ts_workslide_controll page_title_controll_right\"><i class=\"far fa-chevron-down\"><\/i><div class=\"bg_lines\"><\/div><\/div><\/div><\/div><div class=\"w-separator size_small\"><\/div><div class=\"g-cols wpb_row normal_width via_grid cols_3 laptops-cols_inherit tablets-cols_inherit mobiles-cols_1 valign_top type_default stacking_default\"><div class=\"wpb_column vc_column_container us_animate_afb\"><div class=\"vc_column-inner\"><div class=\"wpb_text_column\"><div class=\"wpb_wrapper\"><h3>Socios<\/h3>\n<\/div><\/div><div class=\"wpb_text_column\"><div class=\"wpb_wrapper\"><h5>Sebasti\u00e1n \u00c1guila<\/h5>\n<h6>Socio \/ Director de Dise\u00f1o<\/h6>\n<\/div><\/div><div class=\"wpb_text_column\"><div class=\"wpb_wrapper\"><h5><a href=\"https:\/\/solerdev.com\">Jos\u00e9 Soler<\/a><\/h5>\n<h6>Socio \/ <a href=\"https:\/\/solerdev.com\">Director de Desarrollo<\/a><\/h6>\n<\/div><\/div><div class=\"wpb_text_column\"><div class=\"wpb_wrapper\"><h5>Bruce Plant<\/h5>\n<h6>Director de Proyectos<\/h6>\n<\/div><\/div><\/div><\/div><div class=\"wpb_column vc_column_container us_animate_afb\" style=\"animation-delay:0.2s\"><div class=\"vc_column-inner\"><div class=\"wpb_text_column\"><div class=\"wpb_wrapper\"><h3>Oficina<\/h3>\n<\/div><\/div><div class=\"wpb_text_column\"><div class=\"wpb_wrapper\"><h5>Santiago<\/h5>\n<p>Ladislao Err\u00e1zuriz 2040, 2b, Providencia, Santiago.<br \/>\nChile<br \/>\n<span class=\"tramamail_normal in_p\" ><p><a href=\"mailto:contacto@tramastudio.net\" >contacto@tramastudio.net<\/a><\/p><\/span><\/p>\n<\/div><\/div><div class=\"wpb_text_column\"><div class=\"wpb_wrapper\"><h5>Pide un presupuesto<\/h5>\n<span class=\"tramamail_normal in_p\" ><p><a href=\"mailto:contact@tramastudio.net\" >contact@tramastudio.net<\/a><\/p><\/span>\n<\/div><\/div><\/div><\/div><div class=\"wpb_column vc_column_container us_animate_afb\" style=\"animation-delay:0.4s\"><div class=\"vc_column-inner\"><div class=\"wpb_text_column\"><div class=\"wpb_wrapper\"><h3>\u00danete a Trama<\/h3>\n<\/div><\/div><div class=\"wpb_text_column\"><div class=\"wpb_wrapper\"><h5>Santiago<\/h5>\n<span class=\"tramamail_normal in_p\" ><p><a href=\"mailto:career@tramastudio.net\" >career@tramastudio.net<\/a><\/p><\/span>\n<\/div><\/div><\/div><\/div><\/div><\/div><\/div><\/div><\/div><\/section>\n","protected":false},"excerpt":{"rendered":"Filosof\u00edaQuienes Somos Somos un grupo de profesionales creativos enfocados en combinar ideas de dise\u00f1o innovadoras con la mejor experiencia de usuario. Nos gusta el dise\u00f1o y la programaci\u00f3n, d\u00e1ndonos la posibilidad de integrar ambas disciplinas en nuestro proceso creativo. Esto nos permite lograr un resultado est\u00e9tico \u00fanico que tendr\u00e1 un impacto positivo en tu marca,...","protected":false},"author":1,"featured_media":0,"parent":0,"menu_order":0,"comment_status":"closed","ping_status":"closed","template":"","meta":[],"acf":[],"yoast_head":"<!-- This site is optimized with the Yoast SEO plugin v20.3 - https:\/\/yoast.com\/wordpress\/plugins\/seo\/ -->\n<title>Estudio - Trama Studio<\/title>\n<meta name=\"robots\" content=\"index, follow, max-snippet:-1, max-image-preview:large, max-video-preview:-1\" \/>\n<link rel=\"canonical\" href=\"https:\/\/tramastudio.net\/es\/estudio\/\" \/>\n<meta property=\"og:locale\" content=\"es_ES\" \/>\n<meta property=\"og:type\" content=\"article\" \/>\n<meta property=\"og:title\" content=\"Estudio - Trama Studio\" \/>\n<meta property=\"og:url\" content=\"https:\/\/tramastudio.net\/es\/estudio\/\" \/>\n<meta property=\"og:site_name\" content=\"Trama Studio\" \/>\n<meta property=\"article:modified_time\" content=\"2023-01-18T10:32:34+00:00\" \/>\n<meta name=\"twitter:card\" content=\"summary_large_image\" \/>\n<meta name=\"twitter:label1\" content=\"Est. reading time\" \/>\n\t<meta name=\"twitter:data1\" content=\"3 minutes\" \/>\n<script type=\"application\/ld+json\" class=\"yoast-schema-graph\">{\"@context\":\"https:\/\/schema.org\",\"@graph\":[{\"@type\":\"WebPage\",\"@id\":\"https:\/\/tramastudio.net\/es\/estudio\/\",\"url\":\"https:\/\/tramastudio.net\/es\/estudio\/\",\"name\":\"Estudio - Trama Studio\",\"isPartOf\":{\"@id\":\"https:\/\/tramastudio.net\/#website\"},\"datePublished\":\"2017-04-06T19:28:14+00:00\",\"dateModified\":\"2023-01-18T10:32:34+00:00\",\"breadcrumb\":{\"@id\":\"https:\/\/tramastudio.net\/es\/estudio\/#breadcrumb\"},\"inLanguage\":\"es-ES\",\"potentialAction\":[{\"@type\":\"ReadAction\",\"target\":[\"https:\/\/tramastudio.net\/es\/estudio\/\"]}]},{\"@type\":\"BreadcrumbList\",\"@id\":\"https:\/\/tramastudio.net\/es\/estudio\/#breadcrumb\",\"itemListElement\":[{\"@type\":\"ListItem\",\"position\":1,\"name\":\"Home\",\"item\":\"https:\/\/tramastudio.net\/es\/\"},{\"@type\":\"ListItem\",\"position\":2,\"name\":\"Estudio\"}]},{\"@type\":\"WebSite\",\"@id\":\"https:\/\/tramastudio.net\/#website\",\"url\":\"https:\/\/tramastudio.net\/\",\"name\":\"Trama Studio\",\"description\":\"Website Design Company\",\"potentialAction\":[{\"@type\":\"SearchAction\",\"target\":{\"@type\":\"EntryPoint\",\"urlTemplate\":\"https:\/\/tramastudio.net\/?s={search_term_string}\"},\"query-input\":\"required name=search_term_string\"}],\"inLanguage\":\"es-ES\"}]}<\/script>\n<!-- \/ Yoast SEO plugin. -->","yoast_head_json":{"title":"Estudio - Trama Studio","robots":{"index":"index","follow":"follow","max-snippet":"max-snippet:-1","max-image-preview":"max-image-preview:large","max-video-preview":"max-video-preview:-1"},"canonical":"https:\/\/tramastudio.net\/es\/estudio\/","og_locale":"es_ES","og_type":"article","og_title":"Estudio - Trama Studio","og_url":"https:\/\/tramastudio.net\/es\/estudio\/","og_site_name":"Trama Studio","article_modified_time":"2023-01-18T10:32:34+00:00","twitter_card":"summary_large_image","twitter_misc":{"Est. reading time":"3 minutes"},"schema":{"@context":"https:\/\/schema.org","@graph":[{"@type":"WebPage","@id":"https:\/\/tramastudio.net\/es\/estudio\/","url":"https:\/\/tramastudio.net\/es\/estudio\/","name":"Estudio - Trama Studio","isPartOf":{"@id":"https:\/\/tramastudio.net\/#website"},"datePublished":"2017-04-06T19:28:14+00:00","dateModified":"2023-01-18T10:32:34+00:00","breadcrumb":{"@id":"https:\/\/tramastudio.net\/es\/estudio\/#breadcrumb"},"inLanguage":"es-ES","potentialAction":[{"@type":"ReadAction","target":["https:\/\/tramastudio.net\/es\/estudio\/"]}]},{"@type":"BreadcrumbList","@id":"https:\/\/tramastudio.net\/es\/estudio\/#breadcrumb","itemListElement":[{"@type":"ListItem","position":1,"name":"Home","item":"https:\/\/tramastudio.net\/es\/"},{"@type":"ListItem","position":2,"name":"Estudio"}]},{"@type":"WebSite","@id":"https:\/\/tramastudio.net\/#website","url":"https:\/\/tramastudio.net\/","name":"Trama Studio","description":"Website Design Company","potentialAction":[{"@type":"SearchAction","target":{"@type":"EntryPoint","urlTemplate":"https:\/\/tramastudio.net\/?s={search_term_string}"},"query-input":"required name=search_term_string"}],"inLanguage":"es-ES"}]}},"_links":{"self":[{"href":"https:\/\/tramastudio.net\/es\/wp-json\/wp\/v2\/pages\/291"}],"collection":[{"href":"https:\/\/tramastudio.net\/es\/wp-json\/wp\/v2\/pages"}],"about":[{"href":"https:\/\/tramastudio.net\/es\/wp-json\/wp\/v2\/types\/page"}],"author":[{"embeddable":true,"href":"https:\/\/tramastudio.net\/es\/wp-json\/wp\/v2\/users\/1"}],"replies":[{"embeddable":true,"href":"https:\/\/tramastudio.net\/es\/wp-json\/wp\/v2\/comments?post=291"}],"version-history":[{"count":11,"href":"https:\/\/tramastudio.net\/es\/wp-json\/wp\/v2\/pages\/291\/revisions"}],"predecessor-version":[{"id":768,"href":"https:\/\/tramastudio.net\/es\/wp-json\/wp\/v2\/pages\/291\/revisions\/768"}],"wp:attachment":[{"href":"https:\/\/tramastudio.net\/es\/wp-json\/wp\/v2\/media?parent=291"}],"curies":[{"name":"wp","href":"https:\/\/api.w.org\/{rel}","templated":true}]}}